{"id":2419,"date":"2015-05-12T08:31:49","date_gmt":"2015-05-12T06:31:49","guid":{"rendered":"http:\/\/dev.joomexp.com\/wordpress\/wp-kindergarten\/?page_id=2419"},"modified":"2025-07-11T12:28:59","modified_gmt":"2025-07-11T10:28:59","slug":"anglojezyczny-zlobek","status":"publish","type":"page","link":"https:\/\/milesofsmiles.pl\/index.php\/anglojezyczny-zlobek\/","title":{"rendered":"\u017b\u0142obek"},"content":{"rendered":"<p>[vc_row full_width=&#8221;stretch_row_content_no_spaces&#8221;][vc_column cms_title_size=&#8221;h2&#8243; cms_counter_border_color=&#8221;&#8221; cms_counter_bg_color=&#8221;&#8221;][rev_slider_vc alias=&#8221;nursery-page-1&#8243;][\/vc_column][\/vc_row][vc_row css=&#8221;.vc_custom_1431004352980{padding-top: 80px !important;padding-bottom: 80px !important;}&#8221;][vc_column width=&#8221;1\/2&#8243; cms_title_size=&#8221;h2&#8243;][cms_heading title=&#8221;NASZA MISJA&#8221; line_color=&#8221;#5fcde3&#8243;][vc_column_text]<span style=\"font-weight: 400;\">Nasz angloj\u0119zyczny \u017c\u0142obek w miko\u0142\u00f3wie zaprasza wszystkie dzieci od 1 roku \u017cycia do uko\u0144czenia 3 lat.\u00a0 Zapewniamy do 10 godzin opieki dziennie, pod okiem naszych wspania\u0142ych angloj\u0119zycznych \u201ccio\u0107\u201d.\u00a0 Rozw\u00f3j Waszych dzieci w angloj\u0119zycznej atmosferze jest tylko jedn\u0105 w wielu przyczyn, dla kt\u00f3rych warto zapisa\u0107 dziecko do \u017c\u0142obka.<\/span><\/p>\n<p><span style=\"font-weight: 400;\">Dzieci czerpi\u0105 ogromne korzy\u015bci z kontakt\u00f3w towarzyskich z innymi dzie\u0107mi i doros\u0142ymi spoza kr\u0119gu rodzinnego. Dzi\u0119ki temu b\u0119d\u0105 lepiej przygotowane i lepiej wyposa\u017cone do rozpocz\u0119cie edukacji przedszkolnej. Z \u0142atwo\u015bci\u0105 dostosuj\u0105 si\u0119 r\u00f3wnie\u017c do \u015brodowiska uczenia si\u0119, b\u0119d\u0105 mia\u0142y wi\u0119ksze umiej\u0119tno\u015bci spo\u0142eczne i poczuj\u0105 si\u0119 bezpieczniej w innym \u015brodowisku.\u00a0<\/span><\/p>\n<p><span style=\"font-weight: 400;\">Jak dziecko sko\u0144czy 3 latka zapraszamy do naszego przedszkola.<\/span>[\/vc_column_text][\/vc_column][vc_column width=&#8221;1\/2&#8243; cms_title_size=&#8221;h2&#8243; cms_counter_border_color=&#8221;&#8221; cms_counter_bg_color=&#8221;&#8221;][vc_empty_space height=&#8221;36px&#8221;][vc_empty_space height=&#8221;36px&#8221;][vc_empty_space height=&#8221;36px&#8221;][vc_single_image image=&#8221;3588&#8243; img_size=&#8221;large&#8221;][\/vc_column][\/vc_row][vc_row full_width=&#8221;stretch_row&#8221; parallax=&#8221;content-moving&#8221; parallax_image=&#8221;2407&#8243; parallax_speed_bg=&#8221;2&#8243; el_class=&#8221;row-overlay&#8221; bg_style=&#8221;img_fixed&#8221; overlay_row=&#8221;yes&#8221; css=&#8221;.vc_custom_1480671593590{padding-top: 95px !important;padding-bottom: 110px !important;background-color: rgba(214,80,144,0.8) !important;*background-color: rgb(214,80,144) !important;}&#8221; overlay_color=&#8221;#d65090&#8243; overlay_opacity=&#8221;0.8&#8243;][vc_column width=&#8221;1\/3&#8243; cms_title_size=&#8221;h2&#8243; cms_counter_border_color=&#8221;&#8221; cms_counter_bg_color=&#8221;&#8221;][cms_fancybox title1=&#8221;Przyjazny&#8221; cms_title_size=&#8221;h3&#8243; cms_fancybox_icon_color=&#8221;#da5192&#8243; cms_fancybox_boder_color=&#8221;#ffffff&#8221; cms_fancybox_bg_color=&#8221;#ffffff&#8221; cms_fancybox_title_color=&#8221;#ffdd00&#8243; cms_fancybox_content_color=&#8221;#ffffff&#8221; cms_cols=&#8221;1 Column&#8221; button_link2=&#8221;#&#8221; button_link3=&#8221;#&#8221; button_link4=&#8221;#&#8221; button_link6=&#8221;#&#8221; description1=&#8221;Dzieci czerpi\u0105 ogromne korzy\u015bci z kontakt\u00f3w z innymi dzie\u0107mi i doros\u0142ymi spoza kr\u0119gu rodzinnego.&#8221; cms_template=&#8221;cms_fancybox&#8211;layout-3.php&#8221;][vc_empty_space height=&#8221;50px&#8221;][cms_fancybox title1=&#8221;Miejsca zabaw&#8221; cms_title_size=&#8221;h3&#8243; cms_fancybox_icon_color=&#8221;#da5192&#8243; cms_fancybox_boder_color=&#8221;#ffffff&#8221; cms_fancybox_bg_color=&#8221;#ffffff&#8221; cms_fancybox_title_color=&#8221;#ffdd00&#8243; cms_fancybox_content_color=&#8221;#ffffff&#8221; cms_cols=&#8221;1 Column&#8221; button_link2=&#8221;#&#8221; button_link3=&#8221;#&#8221; button_link4=&#8221;#&#8221; button_link6=&#8221;#&#8221; description1=&#8221;Aktywny maluch prawdopodobnie zostanie aktywnym doros\u0142ym, dlatego wa\u017cne jest, aby zach\u0119ca\u0107 do aktywno\u015bci zar\u00f3wno w domu, jak i na zewn\u0105trz.&#8221; cms_template=&#8221;cms_fancybox&#8211;layout-3.php&#8221;][\/vc_column][vc_column width=&#8221;1\/3&#8243; cms_title_size=&#8221;h2&#8243; cms_counter_border_color=&#8221;&#8221; cms_counter_bg_color=&#8221;&#8221;][cms_fancybox title1=&#8221;Wykwalifikowany&#8221; cms_title_size=&#8221;h3&#8243; cms_fancybox_icon_color=&#8221;#da5192&#8243; cms_fancybox_boder_color=&#8221;#ffffff&#8221; cms_fancybox_bg_color=&#8221;#ffffff&#8221; cms_fancybox_title_color=&#8221;#ffdd00&#8243; cms_fancybox_content_color=&#8221;#ffffff&#8221; cms_cols=&#8221;1 Column&#8221; button_link2=&#8221;#&#8221; button_link3=&#8221;#&#8221; button_link4=&#8221;#&#8221; button_link6=&#8221;#&#8221; description1=&#8221;Wszyscy opiekunowie przeszli certyfikowane szkolenie i m\u00f3wi\u0105 biegle po angielsku.&#8221; cms_template=&#8221;cms_fancybox&#8211;layout-3.php&#8221;][vc_empty_space height=&#8221;50px&#8221;][cms_fancybox title1=&#8221;EDUKACJA&#8221; cms_title_size=&#8221;h3&#8243; cms_fancybox_icon_color=&#8221;#da5192&#8243; cms_fancybox_boder_color=&#8221;#ffffff&#8221; cms_fancybox_bg_color=&#8221;#ffffff&#8221; cms_fancybox_title_color=&#8221;#ffdd00&#8243; cms_fancybox_content_color=&#8221;#ffffff&#8221; cms_cols=&#8221;1 Column&#8221; button_link2=&#8221;#&#8221; button_link3=&#8221;#&#8221; button_link4=&#8221;#&#8221; button_link6=&#8221;#&#8221; description1=&#8221;Wszystkie dzia\u0142ania w ci\u0105gu dnia s\u0105 celowe i zaplanowane na podstawie obserwacji ka\u017cdego dziecka przez nauczyciela.&#8221; cms_template=&#8221;cms_fancybox&#8211;layout-3.php&#8221;][\/vc_column][vc_column width=&#8221;1\/3&#8243; cms_title_size=&#8221;h2&#8243; cms_counter_border_color=&#8221;&#8221; cms_counter_bg_color=&#8221;&#8221;][cms_fancybox title1=&#8221;do\u015bwiadczenie&#8221; cms_title_size=&#8221;h3&#8243; cms_fancybox_icon_color=&#8221;#da5192&#8243; cms_fancybox_boder_color=&#8221;#ffffff&#8221; cms_fancybox_bg_color=&#8221;#ffffff&#8221; cms_fancybox_title_color=&#8221;#ffdd00&#8243; cms_fancybox_content_color=&#8221;#ffffff&#8221; cms_cols=&#8221;1 Column&#8221; button_link2=&#8221;#&#8221; button_link3=&#8221;#&#8221; button_link4=&#8221;#&#8221; button_link6=&#8221;#&#8221; description1=&#8221;Mamy 25-letnie do\u015bwiadczenie w bran\u017cy dydaktycznej, pracuj\u0105c z dzie\u0107mi i doros\u0142ymi, rozwijaj\u0105c i doskonal\u0105c ich zdolno\u015bci j\u0119zykowe.&#8221; cms_template=&#8221;cms_fancybox&#8211;layout-3.php&#8221;][vc_empty_space height=&#8221;50px&#8221;][cms_fancybox title1=&#8221;rozw\u00f3j&#8221; cms_title_size=&#8221;h3&#8243; cms_fancybox_icon_color=&#8221;#da5192&#8243; cms_fancybox_boder_color=&#8221;#ffffff&#8221; cms_fancybox_bg_color=&#8221;#ffffff&#8221; cms_fancybox_title_color=&#8221;#ffdd00&#8243; cms_fancybox_content_color=&#8221;#ffffff&#8221; cms_cols=&#8221;1 Column&#8221; button_link2=&#8221;#&#8221; button_link3=&#8221;#&#8221; button_link4=&#8221;#&#8221; button_link6=&#8221;#&#8221; description1=&#8221;Ka\u017cda grupa ma przygotowany tygodniowy plan zaj\u0119\u0107, dostosowany do konkretnych potrzeb dzieci.&#8221; cms_template=&#8221;cms_fancybox&#8211;layout-3.php&#8221;][\/vc_column][\/vc_row][vc_row full_width=&#8221;stretch_row&#8221; css=&#8221;.vc_custom_1480671608675{padding-top: 20px !important;padding-bottom: 55px !important;background-color: #f5f5f5 !important;}&#8221;][vc_column width=&#8221;1\/3&#8243; cms_title_size=&#8221;h2&#8243; cms_counter_border_color=&#8221;&#8221; cms_counter_bg_color=&#8221;&#8221;][cms_counter title1=&#8221;HAPPY CHILDREN&#8221; digit1=&#8221;100&#8243; suffix1=&#8221;%&#8221; cms_counter_text_color=&#8221;#ffffff&#8221; cms_counter_border_color=&#8221;#bb2f72&#8243; cms_counter_bg_color=&#8221;#d55190&#8243; content_align=&#8221;default&#8221; cms_cols=&#8221;1 Column&#8221; type2=&#8221;Zero&#8221; digit2=&#8221;69&#8243; type3=&#8221;Zero&#8221; digit3=&#8221;69&#8243; type4=&#8221;Zero&#8221; digit4=&#8221;69&#8243; type6=&#8221;Zero&#8221; digit6=&#8221;69&#8243; cms_template=&#8221;cms_counter.php&#8221; cms_counter_boder_color=&#8221;#0f9fbc&#8221;][\/vc_column][vc_column width=&#8221;1\/3&#8243; cms_title_size=&#8221;h2&#8243; cms_counter_border_color=&#8221;&#8221; cms_counter_bg_color=&#8221;&#8221;][cms_counter title1=&#8221;HAPPY SMILES&#8221; digit1=&#8221;100&#8243; suffix1=&#8221;%&#8221; cms_counter_text_color=&#8221;#ffffff&#8221; cms_counter_border_color=&#8221;#bb2f72&#8243; cms_counter_bg_color=&#8221;#d55190&#8243; content_align=&#8221;default&#8221; cms_cols=&#8221;1 Column&#8221; type2=&#8221;Zero&#8221; digit2=&#8221;69&#8243; type3=&#8221;Zero&#8221; digit3=&#8221;69&#8243; type4=&#8221;Zero&#8221; digit4=&#8221;69&#8243; type6=&#8221;Zero&#8221; digit6=&#8221;69&#8243; cms_template=&#8221;cms_counter.php&#8221; cms_counter_boder_color=&#8221;#0f9fbc&#8221;][\/vc_column][vc_column width=&#8221;1\/3&#8243; cms_title_size=&#8221;h2&#8243; cms_counter_border_color=&#8221;&#8221; cms_counter_bg_color=&#8221;&#8221;][cms_counter title1=&#8221;HAPPY PARENTS&#8221; digit1=&#8221;100&#8243; suffix1=&#8221;%&#8221; cms_counter_text_color=&#8221;#ffffff&#8221; cms_counter_border_color=&#8221;#c05631&#8243; cms_counter_bg_color=&#8221;#e58260&#8243; content_align=&#8221;default&#8221; cms_cols=&#8221;1 Column&#8221; type2=&#8221;Zero&#8221; digit2=&#8221;69&#8243; type3=&#8221;Zero&#8221; digit3=&#8221;69&#8243; type4=&#8221;Zero&#8221; digit4=&#8221;69&#8243; type6=&#8221;Zero&#8221; digit6=&#8221;69&#8243; cms_template=&#8221;cms_counter.php&#8221; cms_counter_boder_color=&#8221;#0f9fbc&#8221;][\/vc_column][\/vc_row][vc_row full_width=&#8221;stretch_row&#8221; row_head_color=&#8221;#575656&#8243; css=&#8221;.vc_custom_1480671629135{padding-top: 25px !important;padding-bottom: 30px !important;}&#8221;][vc_column width=&#8221;1\/2&#8243;][cms_heading title=&#8221;WYPOSA\u017bENIE \u017b\u0141OBKA&#8221; line_color=&#8221;#5fcde3&#8243;][vc_empty_space height=&#8221;20px&#8221;][vc_column_text]<span style=\"font-weight: 400;\">Nasz Angloj\u0119zyczny \u017c\u0142obek zosta\u0142 specjalnie zaprojektowany, aby sprosta\u0107 potrzebom naszych dzieci.\u00a0 Sale s\u0105 jasne i przestronne. Z sali zabaw wychodzimy bezpo\u015brednio na nasz ogrodzony ogr\u00f3d, gdzie znajduje si\u0119 bezpieczny plac zabaw\u00a0 przystosowany do wieku naszych wychowank\u00f3w.\u00a0<\/span><\/p>\n<p><span style=\"font-weight: 400;\">Zdajemy sobie spraw\u0119, \u017ce technologie informacyjno-komunikacyjne staj\u0105 si\u0119 codziennym aspektem uczenia, dlatego nasze sale wyposa\u017cone s\u0105 w nowoczesne pomoce dydaktyczne takie jak komputery czy tablice interaktywne.<\/span>[\/vc_column_text][vc_empty_space][\/vc_column][vc_column width=&#8221;1\/2&#8243;][vc_single_image image=&#8221;3590&#8243; img_size=&#8221;full&#8221; alignment=&#8221;center&#8221;][\/vc_column][\/vc_row][vc_row][vc_column][vc_tta_tabs spacing=&#8221;2&#8243; active_section=&#8221;1&#8243;][vc_tta_section title=&#8221;Edukacje&#8221; tab_id=&#8221;1480649986977-ee1e0f54-9dcb&#8221;][vc_row_inner][vc_column_inner width=&#8221;2\/3&#8243;][vc_column_text]<span style=\"font-weight: 400;\">Ka\u017cda grupa ma przygotowany tygodniowy plan zaj\u0119\u0107, dostosowany do konkretnych potrzeb dzieci. Wszystkie dzia\u0142ania w ci\u0105gu dnia s\u0105 celowe i zaplanowane na podstawie obserwacji ka\u017cdego dziecka przez nauczyciela.<\/span>[\/vc_column_text][vc_empty_space height=&#8221;22px&#8221;][vc_btn title=&#8221;Wi\u0119cej&#8221; color=&#8221;turquoise&#8221; button_type=&#8221;btn btn-default btn-white&#8221; link=&#8221;url:https%3A%2F%2Fmilesofsmiles.pl%2Findex.php%2Fnasze-grupy%2F&#8221;][\/vc_column_inner][vc_column_inner width=&#8221;1\/3&#8243; text_align=&#8221;right&#8221;][vc_empty_space height=&#8221;10px&#8221;][vc_single_image image=&#8221;3585&#8243; img_size=&#8221;full&#8221; alignment=&#8221;right&#8221;][\/vc_column_inner][\/vc_row_inner][\/vc_tta_section][vc_tta_section title=&#8221;Zaj\u0119cia&#8221; tab_id=&#8221;1480650099260-5b3b797b-6290&#8243;][vc_row_inner][vc_column_inner width=&#8221;2\/3&#8243;][vc_column_text]<span style=\"font-weight: 400;\">Ka\u017cda grupa ma przygotowany tygodniowy plan zaj\u0119\u0107, dostosowany do konkretnych potrzeb dzieci. Wszystkie dzia\u0142ania w ci\u0105gu dnia s\u0105 celowe i zaplanowane na podstawie obserwacji ka\u017cdego dziecka przez nauczyciela.<\/span>[\/vc_column_text][vc_empty_space height=&#8221;22px&#8221;][vc_btn title=&#8221;Wi\u0119cej&#8221; color=&#8221;turquoise&#8221; button_type=&#8221;btn btn-default btn-white&#8221; link=&#8221;url:https%3A%2F%2Fmilesofsmiles.pl%2Findex.php%2Fnasze-grupy%2F&#8221;][\/vc_column_inner][vc_column_inner width=&#8221;1\/3&#8243;][vc_empty_space height=&#8221;10px&#8221;][vc_single_image image=&#8221;3587&#8243; img_size=&#8221;full&#8221; alignment=&#8221;right&#8221;][\/vc_column_inner][\/vc_row_inner][\/vc_tta_section][vc_tta_section title=&#8221;Przyja\u017c\u0144&#8221; tab_id=&#8221;1480650094439-56625c57-e2ea&#8221;][vc_row_inner][vc_column_inner width=&#8221;2\/3&#8243;][vc_column_text]<span style=\"font-weight: 400;\">Kontakt z innymi dzie\u0107mi jest niezb\u0119dny dla pomy\u015blnego rozwoju Twojego dziecka. Dzieci ch\u0119tnie anga\u017cuj\u0105 si\u0119 w zabaw\u0119 z r\u00f3wie\u015bnikami i \u015bwiadomie przywi\u0105zuj\u0105 si\u0119 do innych dzieci, z kt\u00f3rymi regularnie si\u0119 bawi\u0105.<\/span>[\/vc_column_text][vc_empty_space height=&#8221;22px&#8221;][vc_btn title=&#8221;Wi\u0119cej&#8221; color=&#8221;turquoise&#8221; button_type=&#8221;btn btn-default btn-white&#8221; link=&#8221;url:https%3A%2F%2Fmilesofsmiles.pl%2Findex.php%2Fnasze-grupy%2F&#8221;][\/vc_column_inner][vc_column_inner width=&#8221;1\/3&#8243;][vc_empty_space height=&#8221;10px&#8221;][vc_single_image image=&#8221;3588&#8243; img_size=&#8221;full&#8221; alignment=&#8221;right&#8221;][\/vc_column_inner][\/vc_row_inner][\/vc_tta_section][vc_tta_section title=&#8221;Rozw\u00f3j&#8221; tab_id=&#8221;1480650091423-900d4414-a199&#8243;][vc_row_inner][vc_column_inner width=&#8221;2\/3&#8243;][vc_column_text]<span style=\"font-weight: 400;\">Twoje dziecko b\u0119dzie mia\u0142o okazj\u0119 bawi\u0107 si\u0119 i uczy\u0107 w grupie oraz indywidualnie z nauczycielem. Korzystaj\u0105c z zabawy z innymi dzie\u0107mi, b\u0119dzie nabiera\u0107 pewno\u015bci siebie i rozwija\u0107 umiej\u0119tno\u015bci spo\u0142eczne.<\/span>[\/vc_column_text][vc_empty_space height=&#8221;22px&#8221;][vc_btn title=&#8221;Wi\u0119cej&#8221; color=&#8221;turquoise&#8221; button_type=&#8221;btn btn-default btn-white&#8221; link=&#8221;url:https%3A%2F%2Fmilesofsmiles.pl%2Findex.php%2Fnasze-grupy%2F&#8221;][\/vc_column_inner][vc_column_inner width=&#8221;1\/3&#8243;][vc_empty_space height=&#8221;10px&#8221;][vc_single_image image=&#8221;3591&#8243; img_size=&#8221;full&#8221; alignment=&#8221;right&#8221;][\/vc_column_inner][\/vc_row_inner][\/vc_tta_section][\/vc_tta_tabs][vc_empty_space height=&#8221;80px&#8221;][\/vc_column][\/vc_row][vc_row][vc_column cms_title_size=&#8221;h2&#8243; cms_counter_border_color=&#8221;&#8221; cms_counter_bg_color=&#8221;&#8221;][\/vc_column][\/vc_row][vc_row full_width=&#8221;stretch_row&#8221; row_color=&#8221;#888888&#8243; css=&#8221;.vc_custom_1480671704976{padding-top: 10px !important;padding-bottom: 55px !important;background-color: #f5f5f5 !important;}&#8221;][vc_column text_align=&#8221;center&#8221; cms_title_size=&#8221;h2&#8243; el_class=&#8221;text-center&#8221;][vc_column_text][\/vc_column_text][\/vc_column][\/vc_row]<\/p>\n","protected":false},"excerpt":{"rendered":"<p>[vc_row full_width=&#8221;stretch_row_content_no_spaces&#8221;][vc_column cms_title_size=&#8221;h2&#8243; cms_counter_border_color=&#8221;&#8221; cms_counter_bg_color=&#8221;&#8221;][rev_slider_vc alias=&#8221;nursery-page-1&#8243;][\/vc_column][\/vc_row][vc_row css=&#8221;.vc_custom_1431004352980{padding-top: 80px !important;padding-bottom: 80px !important;}&#8221;][vc_column width=&#8221;1\/2&#8243; cms_title_size=&#8221;h2&#8243;][cms_heading title=&#8221;NASZA MISJA&#8221; line_color=&#8221;#5fcde3&#8243;][vc_column_text]Nasz angloj\u0119zyczny \u017c\u0142obek w miko\u0142\u00f3wie zaprasza wszystkie dzieci od 1 roku \u017cycia do uko\u0144czenia 3 lat.\u00a0 Zapewniamy do 10 godzin opieki dziennie, pod okiem naszych wspania\u0142ych angloj\u0119zycznych \u201ccio\u0107\u201d.\u00a0 Rozw\u00f3j Waszych dzieci w angloj\u0119zycznej atmosferze jest tylko jedn\u0105 w wielu przyczyn, [&hellip;]<\/p>\n","protected":false},"author":1,"featured_media":0,"parent":0,"menu_order":0,"comment_status":"closed","ping_status":"closed","template":"","meta":{"footnotes":""},"class_list":["post-2419","page","type-page","status-publish","hentry"],"yoast_head":"<!-- This site is optimized with the Yoast SEO plugin v27.1.1 - https:\/\/yoast.com\/product\/yoast-seo-wordpress\/ -->\n<title>Angloj\u0119zyczny \u017c\u0142obek - Miko\u0142ow - MilesOfSmiles.pl<\/title>\n<meta name=\"description\" content=\"Nasz angloj\u0119zyczny \u017c\u0142obek w miko\u0142\u00f3wie zaprasza wszystkie dzieci od 1 roku \u017cycia do uko\u0144czenia 3 lat.\u00a0 Zapewniamy do 10 godzin opieki dziennie.\" \/>\n<meta name=\"robots\" content=\"index, follow, max-snippet:-1, max-image-preview:large, max-video-preview:-1\" \/>\n<link rel=\"canonical\" href=\"https:\/\/milesofsmiles.pl\/index.php\/anglojezyczny-zlobek\/\" \/>\n<meta property=\"og:locale\" content=\"pl_PL\" \/>\n<meta property=\"og:type\" content=\"article\" \/>\n<meta property=\"og:title\" content=\"Angloj\u0119zyczny \u017c\u0142obek - Miko\u0142ow - MilesOfSmiles.pl\" \/>\n<meta property=\"og:description\" content=\"Nasz angloj\u0119zyczny \u017c\u0142obek w miko\u0142\u00f3wie zaprasza wszystkie dzieci od 1 roku \u017cycia do uko\u0144czenia 3 lat.\u00a0 Zapewniamy do 10 godzin opieki dziennie.\" \/>\n<meta property=\"og:url\" content=\"https:\/\/milesofsmiles.pl\/index.php\/anglojezyczny-zlobek\/\" \/>\n<meta property=\"og:site_name\" content=\"MilesOfSmiles.pl\" \/>\n<meta property=\"article:modified_time\" content=\"2025-07-11T10:28:59+00:00\" \/>\n<meta name=\"twitter:card\" content=\"summary_large_image\" \/>\n<meta name=\"twitter:label1\" content=\"Szacowany czas czytania\" \/>\n\t<meta name=\"twitter:data1\" content=\"5 minut\" \/>\n<script type=\"application\/ld+json\" class=\"yoast-schema-graph\">{\"@context\":\"https:\/\/schema.org\",\"@graph\":[{\"@type\":\"WebPage\",\"@id\":\"https:\/\/milesofsmiles.pl\/index.php\/anglojezyczny-zlobek\/\",\"url\":\"https:\/\/milesofsmiles.pl\/index.php\/anglojezyczny-zlobek\/\",\"name\":\"Angloj\u0119zyczny \u017c\u0142obek - Miko\u0142ow - MilesOfSmiles.pl\",\"isPartOf\":{\"@id\":\"https:\/\/milesofsmiles.pl\/#website\"},\"datePublished\":\"2015-05-12T06:31:49+00:00\",\"dateModified\":\"2025-07-11T10:28:59+00:00\",\"description\":\"Nasz angloj\u0119zyczny \u017c\u0142obek w miko\u0142\u00f3wie zaprasza wszystkie dzieci od 1 roku \u017cycia do uko\u0144czenia 3 lat.\u00a0 Zapewniamy do 10 godzin opieki dziennie.\",\"breadcrumb\":{\"@id\":\"https:\/\/milesofsmiles.pl\/index.php\/anglojezyczny-zlobek\/#breadcrumb\"},\"inLanguage\":\"pl-PL\",\"potentialAction\":[{\"@type\":\"ReadAction\",\"target\":[\"https:\/\/milesofsmiles.pl\/index.php\/anglojezyczny-zlobek\/\"]}]},{\"@type\":\"BreadcrumbList\",\"@id\":\"https:\/\/milesofsmiles.pl\/index.php\/anglojezyczny-zlobek\/#breadcrumb\",\"itemListElement\":[{\"@type\":\"ListItem\",\"position\":1,\"name\":\"Home\",\"item\":\"https:\/\/milesofsmiles.pl\/\"},{\"@type\":\"ListItem\",\"position\":2,\"name\":\"\u017b\u0142obek\"}]},{\"@type\":\"WebSite\",\"@id\":\"https:\/\/milesofsmiles.pl\/#website\",\"url\":\"https:\/\/milesofsmiles.pl\/\",\"name\":\"MilesOfSmiles.pl\",\"description\":\"MilesOfSmiles.pl\",\"potentialAction\":[{\"@type\":\"SearchAction\",\"target\":{\"@type\":\"EntryPoint\",\"urlTemplate\":\"https:\/\/milesofsmiles.pl\/?s={search_term_string}\"},\"query-input\":{\"@type\":\"PropertyValueSpecification\",\"valueRequired\":true,\"valueName\":\"search_term_string\"}}],\"inLanguage\":\"pl-PL\"}]}<\/script>\n<!-- \/ Yoast SEO plugin. -->","yoast_head_json":{"title":"Angloj\u0119zyczny \u017c\u0142obek - Miko\u0142ow - MilesOfSmiles.pl","description":"Nasz angloj\u0119zyczny \u017c\u0142obek w miko\u0142\u00f3wie zaprasza wszystkie dzieci od 1 roku \u017cycia do uko\u0144czenia 3 lat.\u00a0 Zapewniamy do 10 godzin opieki dziennie.","robots":{"index":"index","follow":"follow","max-snippet":"max-snippet:-1","max-image-preview":"max-image-preview:large","max-video-preview":"max-video-preview:-1"},"canonical":"https:\/\/milesofsmiles.pl\/index.php\/anglojezyczny-zlobek\/","og_locale":"pl_PL","og_type":"article","og_title":"Angloj\u0119zyczny \u017c\u0142obek - Miko\u0142ow - MilesOfSmiles.pl","og_description":"Nasz angloj\u0119zyczny \u017c\u0142obek w miko\u0142\u00f3wie zaprasza wszystkie dzieci od 1 roku \u017cycia do uko\u0144czenia 3 lat.\u00a0 Zapewniamy do 10 godzin opieki dziennie.","og_url":"https:\/\/milesofsmiles.pl\/index.php\/anglojezyczny-zlobek\/","og_site_name":"MilesOfSmiles.pl","article_modified_time":"2025-07-11T10:28:59+00:00","twitter_card":"summary_large_image","twitter_misc":{"Szacowany czas czytania":"5 minut"},"schema":{"@context":"https:\/\/schema.org","@graph":[{"@type":"WebPage","@id":"https:\/\/milesofsmiles.pl\/index.php\/anglojezyczny-zlobek\/","url":"https:\/\/milesofsmiles.pl\/index.php\/anglojezyczny-zlobek\/","name":"Angloj\u0119zyczny \u017c\u0142obek - Miko\u0142ow - MilesOfSmiles.pl","isPartOf":{"@id":"https:\/\/milesofsmiles.pl\/#website"},"datePublished":"2015-05-12T06:31:49+00:00","dateModified":"2025-07-11T10:28:59+00:00","description":"Nasz angloj\u0119zyczny \u017c\u0142obek w miko\u0142\u00f3wie zaprasza wszystkie dzieci od 1 roku \u017cycia do uko\u0144czenia 3 lat.\u00a0 Zapewniamy do 10 godzin opieki dziennie.","breadcrumb":{"@id":"https:\/\/milesofsmiles.pl\/index.php\/anglojezyczny-zlobek\/#breadcrumb"},"inLanguage":"pl-PL","potentialAction":[{"@type":"ReadAction","target":["https:\/\/milesofsmiles.pl\/index.php\/anglojezyczny-zlobek\/"]}]},{"@type":"BreadcrumbList","@id":"https:\/\/milesofsmiles.pl\/index.php\/anglojezyczny-zlobek\/#breadcrumb","itemListElement":[{"@type":"ListItem","position":1,"name":"Home","item":"https:\/\/milesofsmiles.pl\/"},{"@type":"ListItem","position":2,"name":"\u017b\u0142obek"}]},{"@type":"WebSite","@id":"https:\/\/milesofsmiles.pl\/#website","url":"https:\/\/milesofsmiles.pl\/","name":"MilesOfSmiles.pl","description":"MilesOfSmiles.pl","potentialAction":[{"@type":"SearchAction","target":{"@type":"EntryPoint","urlTemplate":"https:\/\/milesofsmiles.pl\/?s={search_term_string}"},"query-input":{"@type":"PropertyValueSpecification","valueRequired":true,"valueName":"search_term_string"}}],"inLanguage":"pl-PL"}]}},"_links":{"self":[{"href":"https:\/\/milesofsmiles.pl\/index.php\/wp-json\/wp\/v2\/pages\/2419","targetHints":{"allow":["GET"]}}],"collection":[{"href":"https:\/\/milesofsmiles.pl\/index.php\/wp-json\/wp\/v2\/pages"}],"about":[{"href":"https:\/\/milesofsmiles.pl\/index.php\/wp-json\/wp\/v2\/types\/page"}],"author":[{"embeddable":true,"href":"https:\/\/milesofsmiles.pl\/index.php\/wp-json\/wp\/v2\/users\/1"}],"replies":[{"embeddable":true,"href":"https:\/\/milesofsmiles.pl\/index.php\/wp-json\/wp\/v2\/comments?post=2419"}],"version-history":[{"count":37,"href":"https:\/\/milesofsmiles.pl\/index.php\/wp-json\/wp\/v2\/pages\/2419\/revisions"}],"predecessor-version":[{"id":3710,"href":"https:\/\/milesofsmiles.pl\/index.php\/wp-json\/wp\/v2\/pages\/2419\/revisions\/3710"}],"wp:attachment":[{"href":"https:\/\/milesofsmiles.pl\/index.php\/wp-json\/wp\/v2\/media?parent=2419"}],"curies":[{"name":"wp","href":"https:\/\/api.w.org\/{rel}","templated":true}]}}